{"id":2978,"date":"2024-06-14T14:46:54","date_gmt":"2024-06-14T13:46:54","guid":{"rendered":"https:\/\/theresortoland.com\/?page_id=2978"},"modified":"2026-03-24T10:01:43","modified_gmt":"2026-03-24T09:01:43","slug":"visningar","status":"publish","type":"page","link":"https:\/\/theresortoland.com\/en\/visningar\/","title":{"rendered":"Visningar"},"content":{"rendered":"<div data-elementor-type=\"wp-page\" data-elementor-id=\"2978\" class=\"elementor elementor-2978\" data-elementor-post-type=\"page\">\n\t\t\t\t<div data-particle_enable=\"false\" data-particle-mobile-disabled=\"false\" class=\"elementor-element elementor-element-b451406 e-flex e-con-boxed e-con e-parent\" data-id=\"b451406\" data-element_type=\"container\" data-settings=\"{&quot;background_background&quot;:&quot;classic&quot;}\">\n\t\t\t\t\t<div class=\"e-con-inner\">\n\t\t\t\t<div class=\"elementor-element elementor-element-99d2643 elementor-hidden-widescreen elementor-hidden-desktop elementor-hidden-laptop elementor-hidden-tablet elementor-hidden-mobile elementor-widget elementor-widget-text-editor\" data-id=\"99d2643\" data-element_type=\"widget\" data-widget_type=\"text-editor.default\">\n\t\t\t\t<div class=\"elementor-widget-container\">\n\t\t\t\t\t\t\t\t\t<p>Ny tid &#8211; nya priser.<\/p>\t\t\t\t\t\t\t\t<\/div>\n\t\t\t\t<\/div>\n\t\t\t\t<div class=\"elementor-element elementor-element-153812f elementor-widget elementor-widget-heading\" data-id=\"153812f\" data-element_type=\"widget\" data-widget_type=\"heading.default\">\n\t\t\t\t<div class=\"elementor-widget-container\">\n\t\t\t\t\t<h2 class=\"elementor-heading-title elementor-size-default\">Visningsdagar<\/h2>\t\t\t\t<\/div>\n\t\t\t\t<\/div>\n\t\t\t\t<div class=\"elementor-element elementor-element-9318ba2 elementor-widget elementor-widget-text-editor\" data-id=\"9318ba2\" data-element_type=\"widget\" data-widget_type=\"text-editor.default\">\n\t\t\t\t<div class=\"elementor-widget-container\">\n\t\t\t\t\t\t\t\t\t<p style=\"font-weight: 400;\">3 april kl.11.00-12.00 (P\u00e5skhelgen)<\/p><p style=\"font-weight: 400;\">2 maj kl 11.00-12.00<\/p><p style=\"font-weight: 400;\">14 maj kl 11.00-12.00 (Kristi Himmelsf\u00e4rd)<\/p><p style=\"font-weight: 400;\">24 maj kl 11.00-12.00 (Pingst)<\/p><p style=\"font-weight: 400;\">7 juni kl 11.00-12.00<\/p><p style=\"font-weight: 400;\">21 juni kl 11.00-12.00 (Midsommarhelgen)<\/p><p>\u00a0<\/p><p>Vi genomf\u00f6r \u00e4ven privata visningar, anm\u00e4l ert intresse och vi kontaktar er inom kort.<\/p>\t\t\t\t\t\t\t\t<\/div>\n\t\t\t\t<\/div>\n\t\t\t\t<div class=\"elementor-element elementor-element-24cabc3 elementor-widget elementor-widget-spacer\" data-id=\"24cabc3\" data-element_type=\"widget\" data-widget_type=\"spacer.default\">\n\t\t\t\t<div class=\"elementor-widget-container\">\n\t\t\t\t\t\t\t<div class=\"elementor-spacer\">\n\t\t\t<div class=\"elementor-spacer-inner\"><\/div>\n\t\t<\/div>\n\t\t\t\t\t\t<\/div>\n\t\t\t\t<\/div>\n\t\t\t\t<div class=\"elementor-element elementor-element-645d903 elementor-align-center elementor-widget elementor-widget-button\" data-id=\"645d903\" data-element_type=\"widget\" data-widget_type=\"button.default\">\n\t\t\t\t<div class=\"elementor-widget-container\">\n\t\t\t\t\t\t\t\t\t<div class=\"elementor-button-wrapper\">\n\t\t\t\t\t<a class=\"elementor-button elementor-button-link elementor-size-sm\" href=\"https:\/\/www.svenskfast.se\/lagenhet\/kalmar\/borgholm\/borgholm\/gardsvagen-32--1001\/417096\">\n\t\t\t\t\t\t<span class=\"elementor-button-content-wrapper\">\n\t\t\t\t\t\t\t\t\t<span class=\"elementor-button-text\">Register your interest here<\/span>\n\t\t\t\t\t<\/span>\n\t\t\t\t\t<\/a>\n\t\t\t\t<\/div>\n\t\t\t\t\t\t\t\t<\/div>\n\t\t\t\t<\/div>\n\t\t\t\t\t<\/div>\n\t\t\t\t<\/div>\n\t\t\t\t<\/div>","protected":false},"excerpt":{"rendered":"<p>Ny tid &#8211; nya priser. Visningsdagar 3 april kl.11.00-12.00 (P\u00e5skhelgen) 2 maj kl 11.00-12.00 14 maj kl 11.00-12.00 (Kristi Himmelsf\u00e4rd) 24 maj kl 11.00-12.00 (Pingst) 7 juni kl 11.00-12.00 21 juni kl 11.00-12.00 (Midsommarhelgen) \u00a0 Vi genomf\u00f6r \u00e4ven privata visningar, anm\u00e4l ert intresse och vi kontaktar er inom kort. Anm\u00e4l ditt intresse h\u00e4r<\/p>","protected":false},"author":2,"featured_media":0,"parent":0,"menu_order":0,"comment_status":"closed","ping_status":"closed","template":"elementor_header_footer","meta":{"_eb_attr":"","site-sidebar-layout":"no-sidebar","site-content-layout":"page-builder","ast-site-content-layout":"full-width-container","site-content-style":"unboxed","site-sidebar-style":"unboxed","ast-global-header-display":"","ast-banner-title-visibility":"","ast-main-header-display":"","ast-hfb-above-header-display":"","ast-hfb-below-header-display":"","ast-hfb-mobile-header-display":"","site-post-title":"disabled","ast-breadcrumbs-content":"","ast-featured-img":"disabled","footer-sml-layout":"","theme-transparent-header-meta":"enabled","adv-header-id-meta":"","stick-header-meta":"","header-above-stick-meta":"","header-main-stick-meta":"","header-below-stick-meta":"","astra-migrate-meta-layouts":"set","ast-page-background-enabled":"default","ast-page-background-meta":{"desktop":{"background-color":"var(--ast-global-color-4)","background-image":"","background-repeat":"repeat","background-position":"center center","background-size":"auto","background-attachment":"scroll","background-type":"","background-media":"","overlay-type":"","overlay-color":"","overlay-opacity":"","overlay-gradient":""},"tablet":{"background-color":"","background-image":"","background-repeat":"repeat","background-position":"center center","background-size":"auto","background-attachment":"scroll","background-type":"","background-media":"","overlay-type":"","overlay-color":"","overlay-opacity":"","overlay-gradient":""},"mobile":{"background-color":"","background-image":"","background-repeat":"repeat","background-position":"center center","background-size":"auto","background-attachment":"scroll","background-type":"","background-media":"","overlay-type":"","overlay-color":"","overlay-opacity":"","overlay-gradient":""}},"ast-content-background-meta":{"desktop":{"background-color":"var(--ast-global-color-5)","background-image":"","background-repeat":"repeat","background-position":"center center","background-size":"auto","background-attachment":"scroll","background-type":"","background-media":"","overlay-type":"","overlay-color":"","overlay-opacity":"","overlay-gradient":""},"tablet":{"background-color":"var(--ast-global-color-5)","background-image":"","background-repeat":"repeat","background-position":"center center","background-size":"auto","background-attachment":"scroll","background-type":"","background-media":"","overlay-type":"","overlay-color":"","overlay-opacity":"","overlay-gradient":""},"mobile":{"background-color":"var(--ast-global-color-5)","background-image":"","background-repeat":"repeat","background-position":"center center","background-size":"auto","background-attachment":"scroll","background-type":"","background-media":"","overlay-type":"","overlay-color":"","overlay-opacity":"","overlay-gradient":""}},"footnotes":""},"class_list":["post-2978","page","type-page","status-publish","hentry"],"yoast_head":"<!-- This site is optimized with the Yoast SEO plugin v25.9 - https:\/\/yoast.com\/wordpress\/plugins\/seo\/ -->\n<title>Visningar - The Resort - \u00d6land<\/title>\n<meta name=\"robots\" content=\"index, follow, max-snippet:-1, max-image-preview:large, max-video-preview:-1\" \/>\n<link rel=\"canonical\" href=\"https:\/\/theresortoland.com\/en\/visningar\/\" \/>\n<meta property=\"og:locale\" content=\"en_US\" \/>\n<meta property=\"og:type\" content=\"article\" \/>\n<meta property=\"og:title\" content=\"Visningar - The Resort - \u00d6land\" \/>\n<meta property=\"og:description\" content=\"Ny tid &#8211; nya priser. Visningsdagar 3 april kl.11.00-12.00 (P\u00e5skhelgen) 2 maj kl 11.00-12.00 14 maj kl 11.00-12.00 (Kristi Himmelsf\u00e4rd) 24 maj kl 11.00-12.00 (Pingst) 7 juni kl 11.00-12.00 21 juni kl 11.00-12.00 (Midsommarhelgen) \u00a0 Vi genomf\u00f6r \u00e4ven privata visningar, anm\u00e4l ert intresse och vi kontaktar er inom kort. Anm\u00e4l ditt intresse h\u00e4r\" \/>\n<meta property=\"og:url\" content=\"https:\/\/theresortoland.com\/en\/visningar\/\" \/>\n<meta property=\"og:site_name\" content=\"The Resort - \u00d6land\" \/>\n<meta property=\"article:publisher\" content=\"https:\/\/www.facebook.com\/profile.php?id=100076147546802\" \/>\n<meta property=\"article:modified_time\" content=\"2026-03-24T09:01:43+00:00\" \/>\n<meta name=\"twitter:card\" content=\"summary_large_image\" \/>\n<meta name=\"twitter:label1\" content=\"Est. reading time\" \/>\n\t<meta name=\"twitter:data1\" content=\"1 minute\" \/>\n<script type=\"application\/ld+json\" class=\"yoast-schema-graph\">{\"@context\":\"https:\/\/schema.org\",\"@graph\":[{\"@type\":\"WebPage\",\"@id\":\"https:\/\/theresortoland.com\/visningar\/\",\"url\":\"https:\/\/theresortoland.com\/visningar\/\",\"name\":\"Visningar - The Resort - \u00d6land\",\"isPartOf\":{\"@id\":\"https:\/\/theresortoland.com\/en\/#website\"},\"datePublished\":\"2024-06-14T13:46:54+00:00\",\"dateModified\":\"2026-03-24T09:01:43+00:00\",\"breadcrumb\":{\"@id\":\"https:\/\/theresortoland.com\/visningar\/#breadcrumb\"},\"inLanguage\":\"en-US\",\"potentialAction\":[{\"@type\":\"ReadAction\",\"target\":[\"https:\/\/theresortoland.com\/visningar\/\"]}]},{\"@type\":\"BreadcrumbList\",\"@id\":\"https:\/\/theresortoland.com\/visningar\/#breadcrumb\",\"itemListElement\":[{\"@type\":\"ListItem\",\"position\":1,\"name\":\"Hem\",\"item\":\"https:\/\/theresortoland.com\/\"},{\"@type\":\"ListItem\",\"position\":2,\"name\":\"Visningar\"}]},{\"@type\":\"WebSite\",\"@id\":\"https:\/\/theresortoland.com\/en\/#website\",\"url\":\"https:\/\/theresortoland.com\/en\/\",\"name\":\"The Resort - \u00d6land\",\"description\":\"Premium living\",\"publisher\":{\"@id\":\"https:\/\/theresortoland.com\/en\/#organization\"},\"potentialAction\":[{\"@type\":\"SearchAction\",\"target\":{\"@type\":\"EntryPoint\",\"urlTemplate\":\"https:\/\/theresortoland.com\/en\/?s={search_term_string}\"},\"query-input\":{\"@type\":\"PropertyValueSpecification\",\"valueRequired\":true,\"valueName\":\"search_term_string\"}}],\"inLanguage\":\"en-US\"},{\"@type\":\"Organization\",\"@id\":\"https:\/\/theresortoland.com\/en\/#organization\",\"name\":\"The Resort - \u00d6land\",\"url\":\"https:\/\/theresortoland.com\/en\/\",\"logo\":{\"@type\":\"ImageObject\",\"inLanguage\":\"en-US\",\"@id\":\"https:\/\/theresortoland.com\/en\/#\/schema\/logo\/image\/\",\"url\":\"https:\/\/theresortoland.com\/wp-content\/uploads\/2024\/01\/cropped-png-2024logo.png\",\"contentUrl\":\"https:\/\/theresortoland.com\/wp-content\/uploads\/2024\/01\/cropped-png-2024logo.png\",\"width\":3848,\"height\":3536,\"caption\":\"The Resort - \u00d6land\"},\"image\":{\"@id\":\"https:\/\/theresortoland.com\/en\/#\/schema\/logo\/image\/\"},\"sameAs\":[\"https:\/\/www.facebook.com\/profile.php?id=100076147546802\",\"https:\/\/www.instagram.com\/theresortoland\/\"]}]}<\/script>\n<!-- \/ Yoast SEO plugin. -->","yoast_head_json":{"title":"Visningar - The Resort - \u00d6land","robots":{"index":"index","follow":"follow","max-snippet":"max-snippet:-1","max-image-preview":"max-image-preview:large","max-video-preview":"max-video-preview:-1"},"canonical":"https:\/\/theresortoland.com\/en\/visningar\/","og_locale":"en_US","og_type":"article","og_title":"Visningar - The Resort - \u00d6land","og_description":"Ny tid &#8211; nya priser. Visningsdagar 3 april kl.11.00-12.00 (P\u00e5skhelgen) 2 maj kl 11.00-12.00 14 maj kl 11.00-12.00 (Kristi Himmelsf\u00e4rd) 24 maj kl 11.00-12.00 (Pingst) 7 juni kl 11.00-12.00 21 juni kl 11.00-12.00 (Midsommarhelgen) \u00a0 Vi genomf\u00f6r \u00e4ven privata visningar, anm\u00e4l ert intresse och vi kontaktar er inom kort. Anm\u00e4l ditt intresse h\u00e4r","og_url":"https:\/\/theresortoland.com\/en\/visningar\/","og_site_name":"The Resort - \u00d6land","article_publisher":"https:\/\/www.facebook.com\/profile.php?id=100076147546802","article_modified_time":"2026-03-24T09:01:43+00:00","twitter_card":"summary_large_image","twitter_misc":{"Est. reading time":"1 minute"},"schema":{"@context":"https:\/\/schema.org","@graph":[{"@type":"WebPage","@id":"https:\/\/theresortoland.com\/visningar\/","url":"https:\/\/theresortoland.com\/visningar\/","name":"Visningar - The Resort - \u00d6land","isPartOf":{"@id":"https:\/\/theresortoland.com\/en\/#website"},"datePublished":"2024-06-14T13:46:54+00:00","dateModified":"2026-03-24T09:01:43+00:00","breadcrumb":{"@id":"https:\/\/theresortoland.com\/visningar\/#breadcrumb"},"inLanguage":"en-US","potentialAction":[{"@type":"ReadAction","target":["https:\/\/theresortoland.com\/visningar\/"]}]},{"@type":"BreadcrumbList","@id":"https:\/\/theresortoland.com\/visningar\/#breadcrumb","itemListElement":[{"@type":"ListItem","position":1,"name":"Hem","item":"https:\/\/theresortoland.com\/"},{"@type":"ListItem","position":2,"name":"Visningar"}]},{"@type":"WebSite","@id":"https:\/\/theresortoland.com\/en\/#website","url":"https:\/\/theresortoland.com\/en\/","name":"The Resort - \u00d6land","description":"Premium living","publisher":{"@id":"https:\/\/theresortoland.com\/en\/#organization"},"potentialAction":[{"@type":"SearchAction","target":{"@type":"EntryPoint","urlTemplate":"https:\/\/theresortoland.com\/en\/?s={search_term_string}"},"query-input":{"@type":"PropertyValueSpecification","valueRequired":true,"valueName":"search_term_string"}}],"inLanguage":"en-US"},{"@type":"Organization","@id":"https:\/\/theresortoland.com\/en\/#organization","name":"The Resort - \u00d6land","url":"https:\/\/theresortoland.com\/en\/","logo":{"@type":"ImageObject","inLanguage":"en-US","@id":"https:\/\/theresortoland.com\/en\/#\/schema\/logo\/image\/","url":"https:\/\/theresortoland.com\/wp-content\/uploads\/2024\/01\/cropped-png-2024logo.png","contentUrl":"https:\/\/theresortoland.com\/wp-content\/uploads\/2024\/01\/cropped-png-2024logo.png","width":3848,"height":3536,"caption":"The Resort - \u00d6land"},"image":{"@id":"https:\/\/theresortoland.com\/en\/#\/schema\/logo\/image\/"},"sameAs":["https:\/\/www.facebook.com\/profile.php?id=100076147546802","https:\/\/www.instagram.com\/theresortoland\/"]}]}},"_links":{"self":[{"href":"https:\/\/theresortoland.com\/en\/wp-json\/wp\/v2\/pages\/2978","targetHints":{"allow":["GET"]}}],"collection":[{"href":"https:\/\/theresortoland.com\/en\/wp-json\/wp\/v2\/pages"}],"about":[{"href":"https:\/\/theresortoland.com\/en\/wp-json\/wp\/v2\/types\/page"}],"author":[{"embeddable":true,"href":"https:\/\/theresortoland.com\/en\/wp-json\/wp\/v2\/users\/2"}],"replies":[{"embeddable":true,"href":"https:\/\/theresortoland.com\/en\/wp-json\/wp\/v2\/comments?post=2978"}],"version-history":[{"count":96,"href":"https:\/\/theresortoland.com\/en\/wp-json\/wp\/v2\/pages\/2978\/revisions"}],"predecessor-version":[{"id":3296,"href":"https:\/\/theresortoland.com\/en\/wp-json\/wp\/v2\/pages\/2978\/revisions\/3296"}],"wp:attachment":[{"href":"https:\/\/theresortoland.com\/en\/wp-json\/wp\/v2\/media?parent=2978"}],"curies":[{"name":"wp","href":"https:\/\/api.w.org\/{rel}","templated":true}]}}