{"id":1763,"date":"2024-01-05T11:42:46","date_gmt":"2024-01-05T10:42:46","guid":{"rendered":"https:\/\/theresortoland.com\/?page_id=1763"},"modified":"2026-03-25T14:31:45","modified_gmt":"2026-03-25T13:31:45","slug":"valj-din-bostad","status":"publish","type":"page","link":"https:\/\/theresortoland.com\/dk\/valj-din-bostad\/","title":{"rendered":"V\u00e6lg dit hjem"},"content":{"rendered":"<div data-elementor-type=\"wp-page\" data-elementor-id=\"1763\" class=\"elementor elementor-1763\" data-elementor-post-type=\"page\">\n\t\t\t\t<div data-particle_enable=\"false\" data-particle-mobile-disabled=\"false\" class=\"elementor-element elementor-element-9e1a3b7 e-con-full e-flex e-con e-parent\" data-id=\"9e1a3b7\" data-element_type=\"container\" data-settings=\"{&quot;background_background&quot;:&quot;classic&quot;}\">\n\t\t<div data-particle_enable=\"false\" data-particle-mobile-disabled=\"false\" class=\"elementor-element elementor-element-8f73ee5 e-flex e-con-boxed e-con e-child\" data-id=\"8f73ee5\" data-element_type=\"container\">\n\t\t\t\t\t<div class=\"e-con-inner\">\n\t\t\t\t<div class=\"elementor-element elementor-element-20fbbe1 elementor-widget elementor-widget-image\" data-id=\"20fbbe1\" data-element_type=\"widget\" data-widget_type=\"image.default\">\n\t\t\t\t<div class=\"elementor-widget-container\">\n\t\t\t\t\t\t\t\t\t\t\t\t\t\t\t<img fetchpriority=\"high\" decoding=\"async\" width=\"3849\" height=\"3540\" src=\"https:\/\/theresortoland.com\/wp-content\/uploads\/2024\/01\/png-2024logo-vit.png\" class=\"attachment-full size-full wp-image-1712\" alt=\"\" srcset=\"https:\/\/theresortoland.com\/wp-content\/uploads\/2024\/01\/png-2024logo-vit.png 3849w, https:\/\/theresortoland.com\/wp-content\/uploads\/2024\/01\/png-2024logo-vit-300x276.png 300w, https:\/\/theresortoland.com\/wp-content\/uploads\/2024\/01\/png-2024logo-vit-1024x942.png 1024w, https:\/\/theresortoland.com\/wp-content\/uploads\/2024\/01\/png-2024logo-vit-768x706.png 768w, https:\/\/theresortoland.com\/wp-content\/uploads\/2024\/01\/png-2024logo-vit-1536x1413.png 1536w, https:\/\/theresortoland.com\/wp-content\/uploads\/2024\/01\/png-2024logo-vit-2048x1884.png 2048w, https:\/\/theresortoland.com\/wp-content\/uploads\/2024\/01\/png-2024logo-vit-13x12.png 13w, https:\/\/theresortoland.com\/wp-content\/uploads\/2024\/01\/png-2024logo-vit-136x125.png 136w\" sizes=\"(max-width: 3849px) 100vw, 3849px\" \/>\t\t\t\t\t\t\t\t\t\t\t\t\t\t\t<\/div>\n\t\t\t\t<\/div>\n\t\t\t\t\t<\/div>\n\t\t\t\t<\/div>\n\t\t\t\t<\/div>\n\t\t<div data-particle_enable=\"false\" data-particle-mobile-disabled=\"false\" class=\"elementor-element elementor-element-69e15f8 e-flex e-con-boxed e-con e-parent\" data-id=\"69e15f8\" data-element_type=\"container\" data-settings=\"{&quot;background_background&quot;:&quot;classic&quot;}\">\n\t\t\t\t\t<div class=\"e-con-inner\">\n\t\t\t\t<div class=\"elementor-element elementor-element-daed5a6 elementor-widget elementor-widget-heading\" data-id=\"daed5a6\" data-element_type=\"widget\" data-widget_type=\"heading.default\">\n\t\t\t\t<div class=\"elementor-widget-container\">\n\t\t\t\t\t<h5 class=\"elementor-heading-title elementor-size-default\">Boligv\u00e6lger<\/h5>\t\t\t\t<\/div>\n\t\t\t\t<\/div>\n\t\t\t\t<div class=\"elementor-element elementor-element-6f28956 elementor-widget elementor-widget-heading\" data-id=\"6f28956\" data-element_type=\"widget\" data-widget_type=\"heading.default\">\n\t\t\t\t<div class=\"elementor-widget-container\">\n\t\t\t\t\t<h2 class=\"elementor-heading-title elementor-size-default\">Find dit dr\u00f8mmehjem og bliv en del af The Resort<\/h2>\t\t\t\t<\/div>\n\t\t\t\t<\/div>\n\t\t\t\t<div class=\"elementor-element elementor-element-63fdf56 elementor-widget elementor-widget-text-editor\" data-id=\"63fdf56\" data-element_type=\"widget\" data-widget_type=\"text-editor.default\">\n\t\t\t\t<div class=\"elementor-widget-container\">\n\t\t\t\t\t\t\t\t\t<p>Klik nedenfor for at se, hvilken lejlighed der er ledig, booket eller solgt.<\/p>\t\t\t\t\t\t\t\t<\/div>\n\t\t\t\t<\/div>\n\t\t\t\t\t<\/div>\n\t\t\t\t<\/div>\n\t\t<div data-particle_enable=\"false\" data-particle-mobile-disabled=\"false\" class=\"elementor-element elementor-element-d8d4e4b e-flex e-con-boxed e-con e-parent\" data-id=\"d8d4e4b\" data-element_type=\"container\" data-settings=\"{&quot;background_background&quot;:&quot;classic&quot;}\">\n\t\t\t\t\t<div class=\"e-con-inner\">\n\t\t\t\t<div class=\"elementor-element elementor-element-d74024b elementor-widget elementor-widget-html\" data-id=\"d74024b\" data-element_type=\"widget\" data-widget_type=\"html.default\">\n\t\t\t\t<div class=\"elementor-widget-container\">\n\t\t\t\t\t<div id=\"__apartments__\" data-id=\"674a6450-b5db-11ee-97c0-855537cd0bfb\"><\/div><script src=\"\/\/buildings.3dvision.se\/widget\/js\/loader.js\"><\/script>\t\t\t\t<\/div>\n\t\t\t\t<\/div>\n\t\t\t\t\t<\/div>\n\t\t\t\t<\/div>\n\t\t<div data-particle_enable=\"false\" data-particle-mobile-disabled=\"false\" class=\"elementor-element elementor-element-3acac8d e-flex e-con-boxed e-con e-parent\" data-id=\"3acac8d\" data-element_type=\"container\" data-settings=\"{&quot;background_background&quot;:&quot;classic&quot;}\">\n\t\t\t\t\t<div class=\"e-con-inner\">\n\t\t<div data-particle_enable=\"false\" data-particle-mobile-disabled=\"false\" class=\"elementor-element elementor-element-6e9203c e-con-full e-flex e-con e-child\" data-id=\"6e9203c\" data-element_type=\"container\">\n\t\t\t\t<div class=\"elementor-element elementor-element-dcbaf35 elementor-widget__width-inherit elementor-widget elementor-widget-heading\" data-id=\"dcbaf35\" data-element_type=\"widget\" data-widget_type=\"heading.default\">\n\t\t\t\t<div class=\"elementor-widget-container\">\n\t\t\t\t\t<h5 class=\"elementor-heading-title elementor-size-default\">Fakta <\/h5>\t\t\t\t<\/div>\n\t\t\t\t<\/div>\n\t\t\t\t<div class=\"elementor-element elementor-element-6d605cc elementor-widget__width-inherit elementor-widget-mobile__width-inherit elementor-widget elementor-widget-text-editor\" data-id=\"6d605cc\" data-element_type=\"widget\" data-widget_type=\"text-editor.default\">\n\t\t\t\t<div class=\"elementor-widget-container\">\n\t\t\t\t\t\t\t\t\t<p>Omg\u00e5ende inflyttning<br \/>Ejerlejligheder<br \/>Bygmester, Vestre Gods<br \/>35 lejligheder, 5 huse<br \/>Designet af Fredrik Olsson, Tailor Made arkitekter<br \/>1-4 v\u00e6relser inkl. Penthouse<br \/>Parkering, ladestandere, golfvognsparkering<br \/>F\u00e6lles pool og sauna\/afslapning<br \/>Gebyrer inkl. Varme, VA og parkering<\/p>\t\t\t\t\t\t\t\t<\/div>\n\t\t\t\t<\/div>\n\t\t\t\t<\/div>\n\t\t<div data-particle_enable=\"false\" data-particle-mobile-disabled=\"false\" class=\"elementor-element elementor-element-01b8d81 e-con-full e-flex e-con e-child\" data-id=\"01b8d81\" data-element_type=\"container\">\n\t\t\t\t<div class=\"elementor-element elementor-element-b6360fa elementor-widget__width-inherit elementor-widget elementor-widget-heading\" data-id=\"b6360fa\" data-element_type=\"widget\" data-widget_type=\"heading.default\">\n\t\t\t\t<div class=\"elementor-widget-container\">\n\t\t\t\t\t<h5 class=\"elementor-heading-title elementor-size-default\">Download dokumenter<\/h5>\t\t\t\t<\/div>\n\t\t\t\t<\/div>\n\t\t\t\t<div class=\"elementor-element elementor-element-6063bfa elementor-widget__width-inherit elementor-widget elementor-widget-text-editor\" data-id=\"6063bfa\" data-element_type=\"widget\" data-no-translation=\"\" data-widget_type=\"text-editor.default\">\n\t\t\t\t<div class=\"elementor-widget-container\">\n\t\t\t\t\t<style>.elementor-element-6063bfa{display:none !important}<\/style>\t\t\t\t<\/div>\n\t\t\t\t<\/div>\n\t\t\t\t<\/div>\n\t\t\t\t\t<\/div>\n\t\t\t\t<\/div>\n\t\t<div data-particle_enable=\"false\" data-particle-mobile-disabled=\"false\" class=\"elementor-element elementor-element-9ee2fee e-flex e-con-boxed e-con e-parent\" data-id=\"9ee2fee\" data-element_type=\"container\" data-settings=\"{&quot;background_background&quot;:&quot;classic&quot;}\">\n\t\t\t\t\t<div class=\"e-con-inner\">\n\t\t\t\t<div class=\"elementor-element elementor-element-2e47a77 elementor-widget elementor-widget-heading\" data-id=\"2e47a77\" data-element_type=\"widget\" data-widget_type=\"heading.default\">\n\t\t\t\t<div class=\"elementor-widget-container\">\n\t\t\t\t\t<h2 class=\"elementor-heading-title elementor-size-default\">Er du interesseret i at langtidsleje en bolig i The Resort?<\/h2>\t\t\t\t<\/div>\n\t\t\t\t<\/div>\n\t\t\t\t<div class=\"elementor-element elementor-element-d60a198 elementor-widget elementor-widget-text-editor\" data-id=\"d60a198\" data-element_type=\"widget\" data-widget_type=\"text-editor.default\">\n\t\t\t\t<div class=\"elementor-widget-container\">\n\t\t\t\t\t\t\t\t\t<p>Lige nu udlejer vi et par lejligheder i projektet med attraktive k\u00f8bsmuligheder.<\/p><p>Kontakt os for mere info.<\/p>\t\t\t\t\t\t\t\t<\/div>\n\t\t\t\t<\/div>\n\t\t\t\t\t<\/div>\n\t\t\t\t<\/div>\n\t\t<div data-particle_enable=\"false\" data-particle-mobile-disabled=\"false\" class=\"elementor-element elementor-element-3d406c9 e-con-full e-flex e-con e-parent\" data-id=\"3d406c9\" data-element_type=\"container\" data-settings=\"{&quot;background_background&quot;:&quot;classic&quot;}\">\n\t\t<div data-particle_enable=\"false\" data-particle-mobile-disabled=\"false\" class=\"elementor-element elementor-element-0038f2d e-con-full e-flex e-con e-child\" data-id=\"0038f2d\" data-element_type=\"container\" data-settings=\"{&quot;background_background&quot;:&quot;classic&quot;}\">\n\t\t\t\t<\/div>\n\t\t<div data-particle_enable=\"false\" data-particle-mobile-disabled=\"false\" class=\"elementor-element elementor-element-017d0eb e-con-full e-flex e-con e-child\" data-id=\"017d0eb\" data-element_type=\"container\">\n\t\t\t\t<div class=\"elementor-element elementor-element-89a7c42 elementor-widget elementor-widget-image\" data-id=\"89a7c42\" data-element_type=\"widget\" data-widget_type=\"image.default\">\n\t\t\t\t<div class=\"elementor-widget-container\">\n\t\t\t\t\t\t\t\t\t\t\t\t\t\t\t<img decoding=\"async\" width=\"512\" height=\"512\" src=\"https:\/\/theresortoland.com\/wp-content\/uploads\/2024\/01\/cropped-png-2024logo-1.png\" class=\"attachment-large size-large wp-image-1869\" alt=\"\" srcset=\"https:\/\/theresortoland.com\/wp-content\/uploads\/2024\/01\/cropped-png-2024logo-1.png 512w, https:\/\/theresortoland.com\/wp-content\/uploads\/2024\/01\/cropped-png-2024logo-1-300x300.png 300w, https:\/\/theresortoland.com\/wp-content\/uploads\/2024\/01\/cropped-png-2024logo-1-150x150.png 150w, https:\/\/theresortoland.com\/wp-content\/uploads\/2024\/01\/cropped-png-2024logo-1-270x270.png 270w, https:\/\/theresortoland.com\/wp-content\/uploads\/2024\/01\/cropped-png-2024logo-1-192x192.png 192w, https:\/\/theresortoland.com\/wp-content\/uploads\/2024\/01\/cropped-png-2024logo-1-180x180.png 180w, https:\/\/theresortoland.com\/wp-content\/uploads\/2024\/01\/cropped-png-2024logo-1-32x32.png 32w\" sizes=\"(max-width: 512px) 100vw, 512px\" \/>\t\t\t\t\t\t\t\t\t\t\t\t\t\t\t<\/div>\n\t\t\t\t<\/div>\n\t\t\t\t<div class=\"elementor-element elementor-element-2cefcf3 elementor-widget__width-initial elementor-widget elementor-widget-heading\" data-id=\"2cefcf3\" data-element_type=\"widget\" data-widget_type=\"heading.default\">\n\t\t\t\t<div class=\"elementor-widget-container\">\n\t\t\t\t\t<h2 class=\"elementor-heading-title elementor-size-default\">Interesseret?<\/h2>\t\t\t\t<\/div>\n\t\t\t\t<\/div>\n\t\t\t\t<div class=\"elementor-element elementor-element-3097509 elementor-widget elementor-widget-button\" data-id=\"3097509\" data-element_type=\"widget\" data-widget_type=\"button.default\">\n\t\t\t\t<div class=\"elementor-widget-container\">\n\t\t\t\t\t\t\t\t\t<div class=\"elementor-button-wrapper\">\n\t\t\t\t\t<a class=\"elementor-button elementor-button-link elementor-size-sm\" href=\"https:\/\/theresortoland.com\/dk\/kontakt\/\">\n\t\t\t\t\t\t<span class=\"elementor-button-content-wrapper\">\n\t\t\t\t\t\t\t\t\t<span class=\"elementor-button-text\">Kontakt os!<\/span>\n\t\t\t\t\t<\/span>\n\t\t\t\t\t<\/a>\n\t\t\t\t<\/div>\n\t\t\t\t\t\t\t\t<\/div>\n\t\t\t\t<\/div>\n\t\t\t\t<div class=\"elementor-element elementor-element-240cdc7 elementor-hidden-widescreen elementor-hidden-desktop elementor-hidden-laptop elementor-hidden-tablet elementor-hidden-mobile elementor-widget elementor-widget-heading\" data-id=\"240cdc7\" data-element_type=\"widget\" data-widget_type=\"heading.default\">\n\t\t\t\t<div class=\"elementor-widget-container\">\n\t\t\t\t\t<h2 class=\"elementor-heading-title elementor-size-default\">Er du interesseret i at langtidsleje en bolig i The Resort?<\/h2>\t\t\t\t<\/div>\n\t\t\t\t<\/div>\n\t\t\t\t<div class=\"elementor-element elementor-element-5393060 elementor-hidden-widescreen elementor-hidden-desktop elementor-hidden-laptop elementor-hidden-tablet elementor-hidden-mobile elementor-widget elementor-widget-text-editor\" data-id=\"5393060\" data-element_type=\"widget\" data-widget_type=\"text-editor.default\">\n\t\t\t\t<div class=\"elementor-widget-container\">\n\t\t\t\t\t\t\t\t\t<p>Lige nu udlejer vi et par lejligheder i projektet med attraktive k\u00f8bsmuligheder.<\/p><p>Kontakt os for mere info.<\/p>\t\t\t\t\t\t\t\t<\/div>\n\t\t\t\t<\/div>\n\t\t\t\t<\/div>\n\t\t<div data-particle_enable=\"false\" data-particle-mobile-disabled=\"false\" class=\"elementor-element elementor-element-07e6084 e-con-full e-flex e-con e-child\" data-id=\"07e6084\" data-element_type=\"container\" data-settings=\"{&quot;background_background&quot;:&quot;classic&quot;}\">\n\t\t\t\t<\/div>\n\t\t\t\t<\/div>\n\t\t\t\t<\/div>","protected":false},"excerpt":{"rendered":"<p>Bostadsv\u00e4ljare Hitta din dr\u00f6mbostad &amp; bli en del av The Resort Klicka nedan f\u00f6r att se vilken l\u00e4genhet som \u00e4r ledig, bokad eller s\u00e5ld. Fakta Omg\u00e5ende inflyttning\u00c4garl\u00e4genheterByggherre, West Estate35 l\u00e4genheter, 5 husRitade av Fredrik Olsson, Tailor Made arkitekter1-4 rum inkl. penthouseBilparkering, laddstolpar, golfbilsparkeringGemensam pool och bastu\/relaxAvgifter inkl. V\u00e4rme, VA och parkering H\u00e4mta dokument The Resort [&hellip;]<\/p>","protected":false},"author":2,"featured_media":0,"parent":0,"menu_order":0,"comment_status":"closed","ping_status":"closed","template":"","meta":{"_eb_attr":"","site-sidebar-layout":"no-sidebar","site-content-layout":"page-builder","ast-site-content-layout":"default","site-content-style":"default","site-sidebar-style":"default","ast-global-header-display":"","ast-banner-title-visibility":"","ast-main-header-display":"","ast-hfb-above-header-display":"","ast-hfb-below-header-display":"","ast-hfb-mobile-header-display":"","site-post-title":"disabled","ast-breadcrumbs-content":"","ast-featured-img":"disabled","footer-sml-layout":"","theme-transparent-header-meta":"enabled","adv-header-id-meta":"","stick-header-meta":"","header-above-stick-meta":"","header-main-stick-meta":"","header-below-stick-meta":"","astra-migrate-meta-layouts":"default","ast-page-background-enabled":"default","ast-page-background-meta":{"desktop":{"background-color":"var(--ast-global-color-4)","background-image":"","background-repeat":"repeat","background-position":"center center","background-size":"auto","background-attachment":"scroll","background-type":"","background-media":"","overlay-type":"","overlay-color":"","overlay-opacity":"","overlay-gradient":""},"tablet":{"background-color":"","background-image":"","background-repeat":"repeat","background-position":"center center","background-size":"auto","background-attachment":"scroll","background-type":"","background-media":"","overlay-type":"","overlay-color":"","overlay-opacity":"","overlay-gradient":""},"mobile":{"background-color":"","background-image":"","background-repeat":"repeat","background-position":"center center","background-size":"auto","background-attachment":"scroll","background-type":"","background-media":"","overlay-type":"","overlay-color":"","overlay-opacity":"","overlay-gradient":""}},"ast-content-background-meta":{"desktop":{"background-color":"var(--ast-global-color-5)","background-image":"","background-repeat":"repeat","background-position":"center center","background-size":"auto","background-attachment":"scroll","background-type":"","background-media":"","overlay-type":"","overlay-color":"","overlay-opacity":"","overlay-gradient":""},"tablet":{"background-color":"var(--ast-global-color-5)","background-image":"","background-repeat":"repeat","background-position":"center center","background-size":"auto","background-attachment":"scroll","background-type":"","background-media":"","overlay-type":"","overlay-color":"","overlay-opacity":"","overlay-gradient":""},"mobile":{"background-color":"var(--ast-global-color-5)","background-image":"","background-repeat":"repeat","background-position":"center center","background-size":"auto","background-attachment":"scroll","background-type":"","background-media":"","overlay-type":"","overlay-color":"","overlay-opacity":"","overlay-gradient":""}},"footnotes":""},"class_list":["post-1763","page","type-page","status-publish","hentry"],"yoast_head":"<!-- This site is optimized with the Yoast SEO plugin v25.9 - https:\/\/yoast.com\/wordpress\/plugins\/seo\/ -->\n<title>V\u00e4lj din bostad - The Resort - \u00d6land<\/title>\n<meta name=\"robots\" content=\"index, follow, max-snippet:-1, max-image-preview:large, max-video-preview:-1\" \/>\n<link rel=\"canonical\" href=\"https:\/\/theresortoland.com\/dk\/valj-din-bostad\/\" \/>\n<meta property=\"og:locale\" content=\"da_DK\" \/>\n<meta property=\"og:type\" content=\"article\" \/>\n<meta property=\"og:title\" content=\"V\u00e4lj din bostad - The Resort - \u00d6land\" \/>\n<meta property=\"og:description\" content=\"Bostadsv\u00e4ljare Hitta din dr\u00f6mbostad &amp; bli en del av The Resort Klicka nedan f\u00f6r att se vilken l\u00e4genhet som \u00e4r ledig, bokad eller s\u00e5ld. Fakta Omg\u00e5ende inflyttning\u00c4garl\u00e4genheterByggherre, West Estate35 l\u00e4genheter, 5 husRitade av Fredrik Olsson, Tailor Made arkitekter1-4 rum inkl. penthouseBilparkering, laddstolpar, golfbilsparkeringGemensam pool och bastu\/relaxAvgifter inkl. V\u00e4rme, VA och parkering H\u00e4mta dokument The Resort [&hellip;]\" \/>\n<meta property=\"og:url\" content=\"https:\/\/theresortoland.com\/dk\/valj-din-bostad\/\" \/>\n<meta property=\"og:site_name\" content=\"The Resort - \u00d6land\" \/>\n<meta property=\"article:publisher\" content=\"https:\/\/www.facebook.com\/profile.php?id=100076147546802\" \/>\n<meta property=\"article:modified_time\" content=\"2026-03-25T13:31:45+00:00\" \/>\n<meta property=\"og:image\" content=\"https:\/\/theresortoland.com\/wp-content\/uploads\/2024\/01\/png-2024logo-vit.png\" \/>\n\t<meta property=\"og:image:width\" content=\"3849\" \/>\n\t<meta property=\"og:image:height\" content=\"3540\" \/>\n\t<meta property=\"og:image:type\" content=\"image\/png\" \/>\n<meta name=\"twitter:card\" content=\"summary_large_image\" \/>\n<meta name=\"twitter:label1\" content=\"Estimeret l\u00e6setid\" \/>\n\t<meta name=\"twitter:data1\" content=\"2 minutter\" \/>\n<script type=\"application\/ld+json\" class=\"yoast-schema-graph\">{\"@context\":\"https:\/\/schema.org\",\"@graph\":[{\"@type\":\"WebPage\",\"@id\":\"https:\/\/theresortoland.com\/valj-din-bostad\/\",\"url\":\"https:\/\/theresortoland.com\/valj-din-bostad\/\",\"name\":\"V\u00e4lj din bostad - The Resort - \u00d6land\",\"isPartOf\":{\"@id\":\"https:\/\/theresortoland.com\/en\/#website\"},\"primaryImageOfPage\":{\"@id\":\"https:\/\/theresortoland.com\/valj-din-bostad\/#primaryimage\"},\"image\":{\"@id\":\"https:\/\/theresortoland.com\/valj-din-bostad\/#primaryimage\"},\"thumbnailUrl\":\"https:\/\/theresortoland.com\/wp-content\/uploads\/2024\/01\/png-2024logo-vit.png\",\"datePublished\":\"2024-01-05T10:42:46+00:00\",\"dateModified\":\"2026-03-25T13:31:45+00:00\",\"breadcrumb\":{\"@id\":\"https:\/\/theresortoland.com\/valj-din-bostad\/#breadcrumb\"},\"inLanguage\":\"da-DK\",\"potentialAction\":[{\"@type\":\"ReadAction\",\"target\":[\"https:\/\/theresortoland.com\/valj-din-bostad\/\"]}]},{\"@type\":\"ImageObject\",\"inLanguage\":\"da-DK\",\"@id\":\"https:\/\/theresortoland.com\/valj-din-bostad\/#primaryimage\",\"url\":\"https:\/\/theresortoland.com\/wp-content\/uploads\/2024\/01\/png-2024logo-vit.png\",\"contentUrl\":\"https:\/\/theresortoland.com\/wp-content\/uploads\/2024\/01\/png-2024logo-vit.png\"},{\"@type\":\"BreadcrumbList\",\"@id\":\"https:\/\/theresortoland.com\/valj-din-bostad\/#breadcrumb\",\"itemListElement\":[{\"@type\":\"ListItem\",\"position\":1,\"name\":\"Hem\",\"item\":\"https:\/\/theresortoland.com\/\"},{\"@type\":\"ListItem\",\"position\":2,\"name\":\"V\u00e4lj din bostad\"}]},{\"@type\":\"WebSite\",\"@id\":\"https:\/\/theresortoland.com\/en\/#website\",\"url\":\"https:\/\/theresortoland.com\/en\/\",\"name\":\"The Resort - \u00d6land\",\"description\":\"Premium living\",\"publisher\":{\"@id\":\"https:\/\/theresortoland.com\/en\/#organization\"},\"potentialAction\":[{\"@type\":\"SearchAction\",\"target\":{\"@type\":\"EntryPoint\",\"urlTemplate\":\"https:\/\/theresortoland.com\/en\/?s={search_term_string}\"},\"query-input\":{\"@type\":\"PropertyValueSpecification\",\"valueRequired\":true,\"valueName\":\"search_term_string\"}}],\"inLanguage\":\"da-DK\"},{\"@type\":\"Organization\",\"@id\":\"https:\/\/theresortoland.com\/en\/#organization\",\"name\":\"The Resort - \u00d6land\",\"url\":\"https:\/\/theresortoland.com\/en\/\",\"logo\":{\"@type\":\"ImageObject\",\"inLanguage\":\"da-DK\",\"@id\":\"https:\/\/theresortoland.com\/en\/#\/schema\/logo\/image\/\",\"url\":\"https:\/\/theresortoland.com\/wp-content\/uploads\/2024\/01\/cropped-png-2024logo.png\",\"contentUrl\":\"https:\/\/theresortoland.com\/wp-content\/uploads\/2024\/01\/cropped-png-2024logo.png\",\"width\":3848,\"height\":3536,\"caption\":\"The Resort - \u00d6land\"},\"image\":{\"@id\":\"https:\/\/theresortoland.com\/en\/#\/schema\/logo\/image\/\"},\"sameAs\":[\"https:\/\/www.facebook.com\/profile.php?id=100076147546802\",\"https:\/\/www.instagram.com\/theresortoland\/\"]}]}<\/script>\n<!-- \/ Yoast SEO plugin. -->","yoast_head_json":{"title":"V\u00e4lj din bostad - The Resort - \u00d6land","robots":{"index":"index","follow":"follow","max-snippet":"max-snippet:-1","max-image-preview":"max-image-preview:large","max-video-preview":"max-video-preview:-1"},"canonical":"https:\/\/theresortoland.com\/dk\/valj-din-bostad\/","og_locale":"da_DK","og_type":"article","og_title":"V\u00e4lj din bostad - The Resort - \u00d6land","og_description":"Bostadsv\u00e4ljare Hitta din dr\u00f6mbostad &amp; bli en del av The Resort Klicka nedan f\u00f6r att se vilken l\u00e4genhet som \u00e4r ledig, bokad eller s\u00e5ld. Fakta Omg\u00e5ende inflyttning\u00c4garl\u00e4genheterByggherre, West Estate35 l\u00e4genheter, 5 husRitade av Fredrik Olsson, Tailor Made arkitekter1-4 rum inkl. penthouseBilparkering, laddstolpar, golfbilsparkeringGemensam pool och bastu\/relaxAvgifter inkl. V\u00e4rme, VA och parkering H\u00e4mta dokument The Resort [&hellip;]","og_url":"https:\/\/theresortoland.com\/dk\/valj-din-bostad\/","og_site_name":"The Resort - \u00d6land","article_publisher":"https:\/\/www.facebook.com\/profile.php?id=100076147546802","article_modified_time":"2026-03-25T13:31:45+00:00","og_image":[{"width":3849,"height":3540,"url":"https:\/\/theresortoland.com\/wp-content\/uploads\/2024\/01\/png-2024logo-vit.png","type":"image\/png"}],"twitter_card":"summary_large_image","twitter_misc":{"Estimeret l\u00e6setid":"2 minutter"},"schema":{"@context":"https:\/\/schema.org","@graph":[{"@type":"WebPage","@id":"https:\/\/theresortoland.com\/valj-din-bostad\/","url":"https:\/\/theresortoland.com\/valj-din-bostad\/","name":"V\u00e4lj din bostad - The Resort - \u00d6land","isPartOf":{"@id":"https:\/\/theresortoland.com\/en\/#website"},"primaryImageOfPage":{"@id":"https:\/\/theresortoland.com\/valj-din-bostad\/#primaryimage"},"image":{"@id":"https:\/\/theresortoland.com\/valj-din-bostad\/#primaryimage"},"thumbnailUrl":"https:\/\/theresortoland.com\/wp-content\/uploads\/2024\/01\/png-2024logo-vit.png","datePublished":"2024-01-05T10:42:46+00:00","dateModified":"2026-03-25T13:31:45+00:00","breadcrumb":{"@id":"https:\/\/theresortoland.com\/valj-din-bostad\/#breadcrumb"},"inLanguage":"da-DK","potentialAction":[{"@type":"ReadAction","target":["https:\/\/theresortoland.com\/valj-din-bostad\/"]}]},{"@type":"ImageObject","inLanguage":"da-DK","@id":"https:\/\/theresortoland.com\/valj-din-bostad\/#primaryimage","url":"https:\/\/theresortoland.com\/wp-content\/uploads\/2024\/01\/png-2024logo-vit.png","contentUrl":"https:\/\/theresortoland.com\/wp-content\/uploads\/2024\/01\/png-2024logo-vit.png"},{"@type":"BreadcrumbList","@id":"https:\/\/theresortoland.com\/valj-din-bostad\/#breadcrumb","itemListElement":[{"@type":"ListItem","position":1,"name":"Hem","item":"https:\/\/theresortoland.com\/"},{"@type":"ListItem","position":2,"name":"V\u00e4lj din bostad"}]},{"@type":"WebSite","@id":"https:\/\/theresortoland.com\/en\/#website","url":"https:\/\/theresortoland.com\/en\/","name":"The Resort - \u00d6land","description":"Premium living","publisher":{"@id":"https:\/\/theresortoland.com\/en\/#organization"},"potentialAction":[{"@type":"SearchAction","target":{"@type":"EntryPoint","urlTemplate":"https:\/\/theresortoland.com\/en\/?s={search_term_string}"},"query-input":{"@type":"PropertyValueSpecification","valueRequired":true,"valueName":"search_term_string"}}],"inLanguage":"da-DK"},{"@type":"Organization","@id":"https:\/\/theresortoland.com\/en\/#organization","name":"The Resort - \u00d6land","url":"https:\/\/theresortoland.com\/en\/","logo":{"@type":"ImageObject","inLanguage":"da-DK","@id":"https:\/\/theresortoland.com\/en\/#\/schema\/logo\/image\/","url":"https:\/\/theresortoland.com\/wp-content\/uploads\/2024\/01\/cropped-png-2024logo.png","contentUrl":"https:\/\/theresortoland.com\/wp-content\/uploads\/2024\/01\/cropped-png-2024logo.png","width":3848,"height":3536,"caption":"The Resort - \u00d6land"},"image":{"@id":"https:\/\/theresortoland.com\/en\/#\/schema\/logo\/image\/"},"sameAs":["https:\/\/www.facebook.com\/profile.php?id=100076147546802","https:\/\/www.instagram.com\/theresortoland\/"]}]}},"_links":{"self":[{"href":"https:\/\/theresortoland.com\/dk\/wp-json\/wp\/v2\/pages\/1763","targetHints":{"allow":["GET"]}}],"collection":[{"href":"https:\/\/theresortoland.com\/dk\/wp-json\/wp\/v2\/pages"}],"about":[{"href":"https:\/\/theresortoland.com\/dk\/wp-json\/wp\/v2\/types\/page"}],"author":[{"embeddable":true,"href":"https:\/\/theresortoland.com\/dk\/wp-json\/wp\/v2\/users\/2"}],"replies":[{"embeddable":true,"href":"https:\/\/theresortoland.com\/dk\/wp-json\/wp\/v2\/comments?post=1763"}],"version-history":[{"count":151,"href":"https:\/\/theresortoland.com\/dk\/wp-json\/wp\/v2\/pages\/1763\/revisions"}],"predecessor-version":[{"id":3302,"href":"https:\/\/theresortoland.com\/dk\/wp-json\/wp\/v2\/pages\/1763\/revisions\/3302"}],"wp:attachment":[{"href":"https:\/\/theresortoland.com\/dk\/wp-json\/wp\/v2\/media?parent=1763"}],"curies":[{"name":"wp","href":"https:\/\/api.w.org\/{rel}","templated":true}]}}